{"id":828,"date":"2021-10-13T12:04:40","date_gmt":"2021-10-13T12:04:40","guid":{"rendered":"https:\/\/assesalud.org\/?page_id=828"},"modified":"2022-06-15T00:38:08","modified_gmt":"2022-06-15T00:38:08","slug":"services-2","status":"publish","type":"page","link":"https:\/\/assesalud.org\/?page_id=828","title":{"rendered":"Leyes"},"content":{"rendered":"\t\t<div data-elementor-type=\"wp-page\" data-elementor-id=\"828\" class=\"elementor elementor-828\">\n\t\t\t\t\t\t<section class=\"elementor-section elementor-top-section elementor-element elementor-element-b941b35 elementor-section-boxed elementor-section-height-default elementor-section-height-default\" data-id=\"b941b35\" data-element_type=\"section\">\n\t\t\t\t\t\t<div class=\"elementor-container elementor-column-gap-no\">\n\t\t\t\t\t<div class=\"elementor-column elementor-col-100 elementor-top-column elementor-element elementor-element-afee99a\" data-id=\"afee99a\" data-element_type=\"column\">\n\t\t\t<div class=\"elementor-widget-wrap elementor-element-populated\">\n\t\t\t\t\t\t<section class=\"elementor-section elementor-inner-section elementor-element elementor-element-5b25149 elementor-section-content-middle elementor-section-full_width elementor-section-height-default elementor-section-height-default\" data-id=\"5b25149\" data-element_type=\"section\">\n\t\t\t\t\t\t<div class=\"elementor-container elementor-column-gap-no\">\n\t\t\t\t\t<div class=\"elementor-column elementor-col-50 elementor-inner-column elementor-element elementor-element-d94ea72\" data-id=\"d94ea72\" data-element_type=\"column\">\n\t\t\t<div class=\"elementor-widget-wrap elementor-element-populated\">\n\t\t\t\t\t\t<div class=\"elementor-element elementor-element-3017109 elementor-widget elementor-widget-image\" data-id=\"3017109\" data-element_type=\"widget\" data-widget_type=\"image.default\">\n\t\t\t\t<div class=\"elementor-widget-container\">\n\t\t\t\t\t\t\t\t\t\t\t\t\t\t\t<img fetchpriority=\"high\" decoding=\"async\" width=\"1280\" height=\"853\" src=\"https:\/\/assesalud.org\/wp-content\/uploads\/2020\/11\/writing-write-person-828911.jpg\" class=\"attachment-full size-full wp-image-356\" alt=\"writing, write, person\" srcset=\"https:\/\/assesalud.org\/wp-content\/uploads\/2020\/11\/writing-write-person-828911.jpg 1280w, https:\/\/assesalud.org\/wp-content\/uploads\/2020\/11\/writing-write-person-828911-300x200.jpg 300w, https:\/\/assesalud.org\/wp-content\/uploads\/2020\/11\/writing-write-person-828911-1024x682.jpg 1024w, https:\/\/assesalud.org\/wp-content\/uploads\/2020\/11\/writing-write-person-828911-768x512.jpg 768w\" sizes=\"(max-width: 1280px) 100vw, 1280px\" \/>\t\t\t\t\t\t\t\t\t\t\t\t\t\t\t<\/div>\n\t\t\t\t<\/div>\n\t\t\t\t\t<\/div>\n\t\t<\/div>\n\t\t\t\t<div class=\"elementor-column elementor-col-50 elementor-inner-column elementor-element elementor-element-5bf52b5\" data-id=\"5bf52b5\" data-element_type=\"column\">\n\t\t\t<div class=\"elementor-widget-wrap elementor-element-populated\">\n\t\t\t\t\t\t<div class=\"elementor-element elementor-element-08b61e1 elementor-view-default elementor-widget elementor-widget-icon\" data-id=\"08b61e1\" data-element_type=\"widget\" data-widget_type=\"icon.default\">\n\t\t\t\t<div class=\"elementor-widget-container\">\n\t\t\t\t\t\t\t<div class=\"elementor-icon-wrapper\">\n\t\t\t<div class=\"elementor-icon\">\n\t\t\t<i aria-hidden=\"true\" class=\"fas fa-people-carry\"><\/i>\t\t\t<\/div>\n\t\t<\/div>\n\t\t\t\t\t\t<\/div>\n\t\t\t\t<\/div>\n\t\t\t\t<div class=\"elementor-element elementor-element-0457915 elementor-widget elementor-widget-heading\" data-id=\"0457915\" data-element_type=\"widget\" data-widget_type=\"heading.default\">\n\t\t\t\t<div class=\"elementor-widget-container\">\n\t\t\t\t\t<h3 class=\"elementor-heading-title elementor-size-default\">hist\u00f3ricos de los <br>comunicados<\/h3>\t\t\t\t<\/div>\n\t\t\t\t<\/div>\n\t\t\t\t<div class=\"elementor-element elementor-element-11992ea elementor-widget elementor-widget-heading\" data-id=\"11992ea\" data-element_type=\"widget\" data-widget_type=\"heading.default\">\n\t\t\t\t<div class=\"elementor-widget-container\">\n\t\t\t\t\t<h5 class=\"elementor-heading-title elementor-size-default\">Todos los comunicados relacionados con la Asociaci\u00f3n los encontrar\u00e1s aqu\u00ed.<\/h5>\t\t\t\t<\/div>\n\t\t\t\t<\/div>\n\t\t\t\t<div class=\"elementor-element elementor-element-f1aaa7b elementor-widget elementor-widget-text-editor\" data-id=\"f1aaa7b\" data-element_type=\"widget\" data-widget_type=\"text-editor.default\">\n\t\t\t\t<div class=\"elementor-widget-container\">\n\t\t\t\t\t\t\t\t\t<p>Para consulta y de conocimiento general hemos dispuesto esta secci\u00f3n de todos los comunicados de ASSESALUD .<\/p>\t\t\t\t\t\t\t\t<\/div>\n\t\t\t\t<\/div>\n\t\t\t\t\t<\/div>\n\t\t<\/div>\n\t\t\t\t\t<\/div>\n\t\t<\/section>\n\t\t\t\t\t<\/div>\n\t\t<\/div>\n\t\t\t\t\t<\/div>\n\t\t<\/section>\n\t\t\t\t<section class=\"elementor-section elementor-top-section elementor-element elementor-element-465de54 elementor-section-boxed elementor-section-height-default elementor-section-height-default\" data-id=\"465de54\" data-element_type=\"section\">\n\t\t\t\t\t\t<div class=\"elementor-container elementor-column-gap-default\">\n\t\t\t\t\t<div class=\"elementor-column elementor-col-33 elementor-top-column elementor-element elementor-element-74210d9\" data-id=\"74210d9\" data-element_type=\"column\">\n\t\t\t<div class=\"elementor-widget-wrap elementor-element-populated\">\n\t\t\t\t\t\t<div class=\"elementor-element elementor-element-13e9da4 elementor-widget elementor-widget-heading\" data-id=\"13e9da4\" data-element_type=\"widget\" data-widget_type=\"heading.default\">\n\t\t\t\t<div class=\"elementor-widget-container\">\n\t\t\t\t\t<h5 class=\"elementor-heading-title elementor-size-default\">LEY 2213 DE 13 JUNIO DE 2022<\/h5>\t\t\t\t<\/div>\n\t\t\t\t<\/div>\n\t\t\t\t<div class=\"elementor-element elementor-element-eefb671 elementor-widget elementor-widget-image\" data-id=\"eefb671\" data-element_type=\"widget\" data-widget_type=\"image.default\">\n\t\t\t\t<div class=\"elementor-widget-container\">\n\t\t\t\t\t\t\t\t\t\t\t\t\t\t\t\t<a href=\"https:\/\/assesalud.org\/wp-content\/uploads\/2022\/06\/LEY-2213-DEL-13-DE-JUNIO-DE-2022.pdf\" target=\"_blank\">\n\t\t\t\t\t\t\t<img decoding=\"async\" width=\"300\" height=\"300\" src=\"https:\/\/assesalud.org\/wp-content\/uploads\/2022\/06\/Ley_13_junio_2022-300x300.jpg\" class=\"elementor-animation-float attachment-medium size-medium wp-image-1400\" alt=\"\" srcset=\"https:\/\/assesalud.org\/wp-content\/uploads\/2022\/06\/Ley_13_junio_2022-300x300.jpg 300w, https:\/\/assesalud.org\/wp-content\/uploads\/2022\/06\/Ley_13_junio_2022-150x150.jpg 150w, https:\/\/assesalud.org\/wp-content\/uploads\/2022\/06\/Ley_13_junio_2022.jpg 500w\" sizes=\"(max-width: 300px) 100vw, 300px\" \/>\t\t\t\t\t\t\t\t<\/a>\n\t\t\t\t\t\t\t\t\t\t\t\t\t\t\t<\/div>\n\t\t\t\t<\/div>\n\t\t\t\t\t<\/div>\n\t\t<\/div>\n\t\t\t\t<div class=\"elementor-column elementor-col-33 elementor-top-column elementor-element elementor-element-9d9ed1a\" data-id=\"9d9ed1a\" data-element_type=\"column\">\n\t\t\t<div class=\"elementor-widget-wrap elementor-element-populated\">\n\t\t\t\t\t\t<div class=\"elementor-element elementor-element-59a3846 elementor-widget elementor-widget-heading\" data-id=\"59a3846\" data-element_type=\"widget\" data-widget_type=\"heading.default\">\n\t\t\t\t<div class=\"elementor-widget-container\">\n\t\t\t\t\t<h5 class=\"elementor-heading-title elementor-size-default\">LEY 1960 DE 2019<\/h5>\t\t\t\t<\/div>\n\t\t\t\t<\/div>\n\t\t\t\t<div class=\"elementor-element elementor-element-4e7bf91 elementor-widget elementor-widget-image\" data-id=\"4e7bf91\" data-element_type=\"widget\" data-widget_type=\"image.default\">\n\t\t\t\t<div class=\"elementor-widget-container\">\n\t\t\t\t\t\t\t\t\t\t\t\t\t\t\t\t<a href=\"https:\/\/dapre.presidencia.gov.co\/normativa\/normativa\/LEY%202207%20DEL%2017%20DE%20MAYO%20DE%202022.pdf\" target=\"_blank\">\n\t\t\t\t\t\t\t<img decoding=\"async\" width=\"300\" height=\"300\" src=\"https:\/\/assesalud.org\/wp-content\/uploads\/2022\/05\/ley_2207_2022_ASE-300x300.jpg\" class=\"elementor-animation-float attachment-medium size-medium wp-image-1365\" alt=\"\" srcset=\"https:\/\/assesalud.org\/wp-content\/uploads\/2022\/05\/ley_2207_2022_ASE-300x300.jpg 300w, https:\/\/assesalud.org\/wp-content\/uploads\/2022\/05\/ley_2207_2022_ASE-150x150.jpg 150w, https:\/\/assesalud.org\/wp-content\/uploads\/2022\/05\/ley_2207_2022_ASE.jpg 500w\" sizes=\"(max-width: 300px) 100vw, 300px\" \/>\t\t\t\t\t\t\t\t<\/a>\n\t\t\t\t\t\t\t\t\t\t\t\t\t\t\t<\/div>\n\t\t\t\t<\/div>\n\t\t\t\t\t<\/div>\n\t\t<\/div>\n\t\t\t\t<div class=\"elementor-column elementor-col-33 elementor-top-column elementor-element elementor-element-dabb304\" data-id=\"dabb304\" data-element_type=\"column\">\n\t\t\t<div class=\"elementor-widget-wrap elementor-element-populated\">\n\t\t\t\t\t\t<div class=\"elementor-element elementor-element-25a29d9 elementor-widget elementor-widget-heading\" data-id=\"25a29d9\" data-element_type=\"widget\" data-widget_type=\"heading.default\">\n\t\t\t\t<div class=\"elementor-widget-container\">\n\t\t\t\t\t<h5 class=\"elementor-heading-title elementor-size-default\">LEY 1960 DE 2019<\/h5>\t\t\t\t<\/div>\n\t\t\t\t<\/div>\n\t\t\t\t<div class=\"elementor-element elementor-element-2d6ba4b elementor-widget elementor-widget-image\" data-id=\"2d6ba4b\" data-element_type=\"widget\" data-widget_type=\"image.default\">\n\t\t\t\t<div class=\"elementor-widget-container\">\n\t\t\t\t\t\t\t\t\t\t\t\t\t\t\t\t<a href=\"https:\/\/www.funcionpublica.gov.co\/eva\/gestornormativo\/norma.php?i=95430\" target=\"_blank\">\n\t\t\t\t\t\t\t<img loading=\"lazy\" decoding=\"async\" width=\"300\" height=\"300\" src=\"https:\/\/assesalud.org\/wp-content\/uploads\/2022\/03\/LEY-1960-DE-2019-300x300.jpg\" class=\"elementor-animation-float attachment-medium size-medium wp-image-1178\" alt=\"\" srcset=\"https:\/\/assesalud.org\/wp-content\/uploads\/2022\/03\/LEY-1960-DE-2019-300x300.jpg 300w, https:\/\/assesalud.org\/wp-content\/uploads\/2022\/03\/LEY-1960-DE-2019-150x150.jpg 150w, https:\/\/assesalud.org\/wp-content\/uploads\/2022\/03\/LEY-1960-DE-2019.jpg 500w\" sizes=\"(max-width: 300px) 100vw, 300px\" \/>\t\t\t\t\t\t\t\t<\/a>\n\t\t\t\t\t\t\t\t\t\t\t\t\t\t\t<\/div>\n\t\t\t\t<\/div>\n\t\t\t\t\t<\/div>\n\t\t<\/div>\n\t\t\t\t\t<\/div>\n\t\t<\/section>\n\t\t\t\t<section class=\"elementor-section elementor-top-section elementor-element elementor-element-db647ba elementor-section-boxed elementor-section-height-default elementor-section-height-default\" data-id=\"db647ba\" data-element_type=\"section\">\n\t\t\t\t\t\t<div class=\"elementor-container elementor-column-gap-default\">\n\t\t\t\t\t<div class=\"elementor-column elementor-col-33 elementor-top-column elementor-element elementor-element-631b8df\" data-id=\"631b8df\" data-element_type=\"column\">\n\t\t\t<div class=\"elementor-widget-wrap elementor-element-populated\">\n\t\t\t\t\t\t<div class=\"elementor-element elementor-element-10ab595 elementor-widget elementor-widget-heading\" data-id=\"10ab595\" data-element_type=\"widget\" data-widget_type=\"heading.default\">\n\t\t\t\t<div class=\"elementor-widget-container\">\n\t\t\t\t\t<h5 class=\"elementor-heading-title elementor-size-default\">LEY ORG\u00c1NICA 715 DE 2001<\/h5>\t\t\t\t<\/div>\n\t\t\t\t<\/div>\n\t\t\t\t<div class=\"elementor-element elementor-element-a5e0cfa elementor-widget elementor-widget-image\" data-id=\"a5e0cfa\" data-element_type=\"widget\" data-widget_type=\"image.default\">\n\t\t\t\t<div class=\"elementor-widget-container\">\n\t\t\t\t\t\t\t\t\t\t\t\t\t\t\t\t<a href=\"https:\/\/www.alcaldiabogota.gov.co\/sisjur\/normas\/Norma1.jsp?i=4452&#038;dt=S\" target=\"_blank\">\n\t\t\t\t\t\t\t<img loading=\"lazy\" decoding=\"async\" width=\"300\" height=\"300\" src=\"https:\/\/assesalud.org\/wp-content\/uploads\/2022\/03\/LEY-ORGANICA-715-DE-2001-300x300.jpg\" class=\"elementor-animation-float attachment-medium size-medium wp-image-1100\" alt=\"\" srcset=\"https:\/\/assesalud.org\/wp-content\/uploads\/2022\/03\/LEY-ORGANICA-715-DE-2001-300x300.jpg 300w, https:\/\/assesalud.org\/wp-content\/uploads\/2022\/03\/LEY-ORGANICA-715-DE-2001-150x150.jpg 150w, https:\/\/assesalud.org\/wp-content\/uploads\/2022\/03\/LEY-ORGANICA-715-DE-2001.jpg 500w\" sizes=\"(max-width: 300px) 100vw, 300px\" \/>\t\t\t\t\t\t\t\t<\/a>\n\t\t\t\t\t\t\t\t\t\t\t\t\t\t\t<\/div>\n\t\t\t\t<\/div>\n\t\t\t\t\t<\/div>\n\t\t<\/div>\n\t\t\t\t<div class=\"elementor-column elementor-col-33 elementor-top-column elementor-element elementor-element-b965d81\" data-id=\"b965d81\" data-element_type=\"column\">\n\t\t\t<div class=\"elementor-widget-wrap elementor-element-populated\">\n\t\t\t\t\t\t<div class=\"elementor-element elementor-element-2fd0626 elementor-widget elementor-widget-heading\" data-id=\"2fd0626\" data-element_type=\"widget\" data-widget_type=\"heading.default\">\n\t\t\t\t<div class=\"elementor-widget-container\">\n\t\t\t\t\t<h5 class=\"elementor-heading-title elementor-size-default\">LEY ESTATUTARIA 1712 DE 2014<\/h5>\t\t\t\t<\/div>\n\t\t\t\t<\/div>\n\t\t\t\t<div class=\"elementor-element elementor-element-33cc194 elementor-widget elementor-widget-image\" data-id=\"33cc194\" data-element_type=\"widget\" data-widget_type=\"image.default\">\n\t\t\t\t<div class=\"elementor-widget-container\">\n\t\t\t\t\t\t\t\t\t\t\t\t\t\t\t\t<a href=\"https:\/\/www.funcionpublica.gov.co\/eva\/gestornormativo\/norma.php?i=56882\" target=\"_blank\">\n\t\t\t\t\t\t\t<img loading=\"lazy\" decoding=\"async\" width=\"300\" height=\"300\" src=\"https:\/\/assesalud.org\/wp-content\/uploads\/2022\/03\/LEY-ESTATUTARIA-1712-DE-2014-300x300.jpg\" class=\"elementor-animation-float attachment-medium size-medium wp-image-1104\" alt=\"\" srcset=\"https:\/\/assesalud.org\/wp-content\/uploads\/2022\/03\/LEY-ESTATUTARIA-1712-DE-2014-300x300.jpg 300w, https:\/\/assesalud.org\/wp-content\/uploads\/2022\/03\/LEY-ESTATUTARIA-1712-DE-2014-150x150.jpg 150w, https:\/\/assesalud.org\/wp-content\/uploads\/2022\/03\/LEY-ESTATUTARIA-1712-DE-2014.jpg 500w\" sizes=\"(max-width: 300px) 100vw, 300px\" \/>\t\t\t\t\t\t\t\t<\/a>\n\t\t\t\t\t\t\t\t\t\t\t\t\t\t\t<\/div>\n\t\t\t\t<\/div>\n\t\t\t\t\t<\/div>\n\t\t<\/div>\n\t\t\t\t<div class=\"elementor-column elementor-col-33 elementor-top-column elementor-element elementor-element-2028ae7\" data-id=\"2028ae7\" data-element_type=\"column\">\n\t\t\t<div class=\"elementor-widget-wrap elementor-element-populated\">\n\t\t\t\t\t\t<div class=\"elementor-element elementor-element-1018ea0 elementor-widget elementor-widget-heading\" data-id=\"1018ea0\" data-element_type=\"widget\" data-widget_type=\"heading.default\">\n\t\t\t\t<div class=\"elementor-widget-container\">\n\t\t\t\t\t<h5 class=\"elementor-heading-title elementor-size-default\">LEY 1581 DE 2012<\/h5>\t\t\t\t<\/div>\n\t\t\t\t<\/div>\n\t\t\t\t<div class=\"elementor-element elementor-element-1a56965 elementor-widget elementor-widget-image\" data-id=\"1a56965\" data-element_type=\"widget\" data-widget_type=\"image.default\">\n\t\t\t\t<div class=\"elementor-widget-container\">\n\t\t\t\t\t\t\t\t\t\t\t\t\t\t\t\t<a href=\"https:\/\/www.funcionpublica.gov.co\/eva\/gestornormativo\/norma.php?i=49981\" target=\"_blank\">\n\t\t\t\t\t\t\t<img loading=\"lazy\" decoding=\"async\" width=\"300\" height=\"300\" src=\"https:\/\/assesalud.org\/wp-content\/uploads\/2022\/03\/LEY-1581-DE-2012-300x300.jpg\" class=\"elementor-animation-float attachment-medium size-medium wp-image-1108\" alt=\"\" srcset=\"https:\/\/assesalud.org\/wp-content\/uploads\/2022\/03\/LEY-1581-DE-2012-300x300.jpg 300w, https:\/\/assesalud.org\/wp-content\/uploads\/2022\/03\/LEY-1581-DE-2012-150x150.jpg 150w, https:\/\/assesalud.org\/wp-content\/uploads\/2022\/03\/LEY-1581-DE-2012.jpg 500w\" sizes=\"(max-width: 300px) 100vw, 300px\" \/>\t\t\t\t\t\t\t\t<\/a>\n\t\t\t\t\t\t\t\t\t\t\t\t\t\t\t<\/div>\n\t\t\t\t<\/div>\n\t\t\t\t\t<\/div>\n\t\t<\/div>\n\t\t\t\t\t<\/div>\n\t\t<\/section>\n\t\t\t\t<section class=\"elementor-section elementor-top-section elementor-element elementor-element-e29f988 elementor-section-boxed elementor-section-height-default elementor-section-height-default\" data-id=\"e29f988\" data-element_type=\"section\">\n\t\t\t\t\t\t<div class=\"elementor-container elementor-column-gap-default\">\n\t\t\t\t\t<div class=\"elementor-column elementor-col-100 elementor-top-column elementor-element elementor-element-86468ff\" data-id=\"86468ff\" data-element_type=\"column\">\n\t\t\t<div class=\"elementor-widget-wrap elementor-element-populated\">\n\t\t\t\t\t\t<div class=\"elementor-element elementor-element-5404431 elementor-widget-divider--view-line elementor-widget elementor-widget-divider\" data-id=\"5404431\" data-element_type=\"widget\" data-widget_type=\"divider.default\">\n\t\t\t\t<div class=\"elementor-widget-container\">\n\t\t\t\t\t\t\t<div class=\"elementor-divider\">\n\t\t\t<span class=\"elementor-divider-separator\">\n\t\t\t\t\t\t<\/span>\n\t\t<\/div>\n\t\t\t\t\t\t<\/div>\n\t\t\t\t<\/div>\n\t\t\t\t\t<\/div>\n\t\t<\/div>\n\t\t\t\t\t<\/div>\n\t\t<\/section>\n\t\t\t\t<section class=\"elementor-section elementor-top-section elementor-element elementor-element-06b85fc elementor-section-boxed elementor-section-height-default elementor-section-height-default\" data-id=\"06b85fc\" data-element_type=\"section\">\n\t\t\t\t\t\t<div class=\"elementor-container elementor-column-gap-default\">\n\t\t\t\t\t<div class=\"elementor-column elementor-col-100 elementor-top-column elementor-element elementor-element-b4b7ad0\" data-id=\"b4b7ad0\" data-element_type=\"column\">\n\t\t\t<div class=\"elementor-widget-wrap elementor-element-populated\">\n\t\t\t\t\t\t<div class=\"elementor-element elementor-element-ee09915 elementor-widget elementor-widget-spacer\" data-id=\"ee09915\" data-element_type=\"widget\" data-widget_type=\"spacer.default\">\n\t\t\t\t<div class=\"elementor-widget-container\">\n\t\t\t\t\t\t\t<div class=\"elementor-spacer\">\n\t\t\t<div class=\"elementor-spacer-inner\"><\/div>\n\t\t<\/div>\n\t\t\t\t\t\t<\/div>\n\t\t\t\t<\/div>\n\t\t\t\t\t<\/div>\n\t\t<\/div>\n\t\t\t\t\t<\/div>\n\t\t<\/section>\n\t\t\t\t<\/div>\n\t\t","protected":false},"excerpt":{"rendered":"<p>hist\u00f3ricos de los comunicados Todos los comunicados relacionados con la Asociaci\u00f3n los encontrar\u00e1s aqu\u00ed. Para consulta y de conocimiento general hemos dispuesto esta secci\u00f3n de todos los comunicados de ASSESALUD . LEY 2213 DE 13 JUNIO DE 2022 LEY 1960 DE 2019 LEY 1960 DE 2019 LEY ORG\u00c1NICA 715 DE 2001 LEY ESTATUTARIA 1712 DE &hellip;<\/p>\n<p class=\"read-more\"> <a class=\"\" href=\"https:\/\/assesalud.org\/?page_id=828\"> <span class=\"screen-reader-text\">Leyes<\/span> Leer m\u00e1s &raquo;<\/a><\/p>\n","protected":false},"author":1,"featured_media":0,"parent":0,"menu_order":0,"comment_status":"closed","ping_status":"closed","template":"","meta":{"site-sidebar-layout":"no-sidebar","site-content-layout":"page-builder","ast-global-header-display":"","ast-main-header-display":"","ast-hfb-above-header-display":"","ast-hfb-below-header-display":"","ast-hfb-mobile-header-display":"","site-post-title":"disabled","ast-breadcrumbs-content":"disabled","ast-featured-img":"disabled","footer-sml-layout":"","theme-transparent-header-meta":"enabled","adv-header-id-meta":"","stick-header-meta":"","header-above-stick-meta":"","header-main-stick-meta":"","header-below-stick-meta":"","footnotes":""},"class_list":["post-828","page","type-page","status-publish","hentry"],"_links":{"self":[{"href":"https:\/\/assesalud.org\/index.php?rest_route=\/wp\/v2\/pages\/828","targetHints":{"allow":["GET"]}}],"collection":[{"href":"https:\/\/assesalud.org\/index.php?rest_route=\/wp\/v2\/pages"}],"about":[{"href":"https:\/\/assesalud.org\/index.php?rest_route=\/wp\/v2\/types\/page"}],"author":[{"embeddable":true,"href":"https:\/\/assesalud.org\/index.php?rest_route=\/wp\/v2\/users\/1"}],"replies":[{"embeddable":true,"href":"https:\/\/assesalud.org\/index.php?rest_route=%2Fwp%2Fv2%2Fcomments&post=828"}],"version-history":[{"count":19,"href":"https:\/\/assesalud.org\/index.php?rest_route=\/wp\/v2\/pages\/828\/revisions"}],"predecessor-version":[{"id":1403,"href":"https:\/\/assesalud.org\/index.php?rest_route=\/wp\/v2\/pages\/828\/revisions\/1403"}],"wp:attachment":[{"href":"https:\/\/assesalud.org\/index.php?rest_route=%2Fwp%2Fv2%2Fmedia&parent=828"}],"curies":[{"name":"wp","href":"https:\/\/api.w.org\/{rel}","templated":true}]}}